{"id":970,"date":"2026-03-03T15:43:18","date_gmt":"2026-03-03T15:43:18","guid":{"rendered":"https:\/\/eurojobservices.nl\/?page_id=970"},"modified":"2026-03-03T15:53:31","modified_gmt":"2026-03-03T15:53:31","slug":"oswiadczenie-o-ochronie-prywatnosci","status":"publish","type":"page","link":"https:\/\/eurojobservices.nl\/pl\/privacyverklaring\/","title":{"rendered":"Privacyverklaring"},"content":{"rendered":"<div data-elementor-type=\"wp-page\" data-elementor-id=\"970\" class=\"elementor elementor-970\" data-elementor-post-type=\"page\">\n\t\t\t\t<div class=\"elementor-element elementor-element-0557202 e-flex e-con-boxed e-con e-parent\" data-id=\"0557202\" data-element_type=\"container\" data-e-type=\"container\">\n\t\t\t\t\t<div class=\"e-con-inner\">\n\t\t\t\t<div class=\"elementor-element elementor-element-94f148e elementor-widget elementor-widget-heading\" data-id=\"94f148e\" data-element_type=\"widget\" data-e-type=\"widget\" data-widget_type=\"heading.default\">\n\t\t\t\t\t<h2 class=\"elementor-heading-title elementor-size-default\">O\u015bwiadczenie o ochronie prywatno\u015bci Eurojobservices<\/h2>\t\t\t\t<\/div>\n\t\t\t\t<div class=\"elementor-element elementor-element-ae6784c elementor-widget elementor-widget-text-editor\" data-id=\"ae6784c\" data-element_type=\"widget\" data-e-type=\"widget\" data-widget_type=\"text-editor.default\">\n\t\t\t\t\t\t\t\t\t<p>Eurojobservices zobowi\u0105zuje si\u0119 do ochrony danych osobowych u\u017cytkownik\u00f3w. W niniejszym o\u015bwiadczeniu o ochronie prywatno\u015bci wyja\u015bniamy, jakie dane gromadzimy, dlaczego to robimy i jak ostro\u017cnie si\u0119 z nimi obchodzimy.<\/p><h4>\u00a0<\/h4><h4><strong>1. Kim jeste\u015bmy<\/strong><\/h4><p>Eurojobservices<br \/>Strona internetowa: <a href=\"https:\/\/eurojobservices.nl\/pl\/\">www.eurojobservices.nl<\/a><br \/>E-mail: <a href=\"mailto:info@eurojobservices.nl\">info@eurojobservices.nl<\/a><br \/>Telefon: +31 (0)72-509 57 62<\/p><p>Eurojobservices odpowiada za przetwarzanie danych osobowych zgodnie z niniejszym o\u015bwiadczeniem o ochronie prywatno\u015bci.<\/p><h4>\u00a0<\/h4><h4><strong>2. Jakie dane osobowe przetwarzamy<\/strong><\/h4><p>Eurojobservices przetwarza dane osobowe, gdy u\u017cytkownik korzysta z naszych us\u0142ug lub sam je nam przekazuje.<\/p><p>Mo\u017cemy przetwarza\u0107 mi\u0119dzy innymi nast\u0119puj\u0105ce dane:<\/p><ul><li><p>Imi\u0119 i nazwisko<\/p><\/li><li><p>Dane adresowe<\/p><\/li><li><p>Numer telefonu<\/p><\/li><li><p>Adres e-mail<\/p><\/li><li><p>Data urodzenia<\/p><\/li><li><p>Narodowo\u015b\u0107<\/p><\/li><li><p>\u017byciorys (CV)<\/p><\/li><li><p>Szczeg\u00f3\u0142y dotycz\u0105ce do\u015bwiadczenia zawodowego i wykszta\u0142cenia<\/p><\/li><li><p>Adres IP<\/p><\/li><li><p>Dane dotycz\u0105ce aktywno\u015bci u\u017cytkownika na naszej stronie internetowej<\/p><\/li><\/ul><h2>\u00a0<\/h2><h4><strong>3. Cel przetwarzania danych<\/strong><\/h4><p>Przetwarzamy dane osobowe w nast\u0119puj\u0105cych celach:<\/p><ul><li><p>Po\u015bredniczenie mi\u0119dzy osobami poszukuj\u0105cymi pracy a pracodawcami<\/p><\/li><li><p>Kontakt po z\u0142o\u017ceniu wniosku lub rejestracji<\/p><\/li><li><p>Zawieranie um\u00f3w i \u015bwiadczenie us\u0142ug<\/p><\/li><li><p>Zobowi\u0105zania administracyjne i prawne<\/p><\/li><li><p>Ulepszanie naszej strony internetowej i us\u0142ug<\/p><\/li><li><p>Informowanie o wakatach lub zg\u0142oszeniach pracownik\u00f3w<\/p><\/li><\/ul><h4>\u00a0<\/h4><h4><strong>4. Podstawa prawna przetwarzania<\/strong><\/h4><p>Eurojobservices przetwarza dane osobowe na podstawie:<\/p><ul><li><p>Zgoda osoby, kt\u00f3rej dane dotycz\u0105<\/p><\/li><li><p>Zawarcie umowy<\/p><\/li><li><p>Zobowi\u0105zania prawne<\/p><\/li><li><p>Uzasadniony interes biznesowy<\/p><\/li><\/ul><h4>\u00a0<\/h4><h4><strong>5. Okresy przechowywania<\/strong><\/h4><p>Dane osobowe nie b\u0119d\u0105 przechowywane d\u0142u\u017cej ni\u017c jest to konieczne do cel\u00f3w, dla kt\u00f3rych zosta\u0142y zgromadzone lub tak d\u0142ugo, jak jest to wymagane przez prawo.<\/p><p>Dane os\u00f3b poszukuj\u0105cych pracy b\u0119d\u0105 przechowywane przez maksymalnie 2 lata od ostatniego momentu kontaktu, chyba \u017ce uzgodniono inaczej.<\/p><h4>\u00a0<\/h4><h4><strong>6. Udost\u0119pnianie danych osobowych stronom trzecim<\/strong><\/h4><p>Eurojobservices udost\u0119pnia dane osobowe stronom trzecim tylko wtedy, gdy jest to konieczne do \u015bwiadczenia naszych us\u0142ug lub do wype\u0142nienia zobowi\u0105za\u0144 prawnych.<\/p><p>Na przyk\u0142ad udost\u0119pniamy dane<\/p><ul><li><p>Klienci (pracodawcy)<\/p><\/li><li><p>Dostawcy us\u0142ug administracyjnych lub informatycznych<\/p><\/li><li><p>Agencje rz\u0105dowe, je\u015bli jest to wymagane przez prawo<\/p><\/li><\/ul><p>Zawieramy umowy o przetwarzanie danych ze stronami, kt\u00f3re przetwarzaj\u0105 dane w naszym imieniu.<\/p><h4>\u00a0<\/h4><h4><strong>7. Pliki cookie i korzystanie z witryny<\/strong><\/h4><p>Eurojobservices wykorzystuje funkcjonalne i analityczne pliki cookie, aby zapewni\u0107 prawid\u0142owe funkcjonowanie strony internetowej i analizowa\u0107 korzystanie z niej.<\/p><p>Pliki cookie nie gromadz\u0105 bezpo\u015brednio identyfikowalnych danych osobowych bez zgody u\u017cytkownika.<\/p><p>Wi\u0119cej informacji mo\u017cna znale\u017a\u0107 w naszej polityce dotycz\u0105cej plik\u00f3w cookie.<\/p><h4>\u00a0<\/h4><h4><strong>8. Bezpiecze\u0144stwo danych osobowych<\/strong><\/h4><p>Podejmujemy odpowiednie \u015brodki techniczne i organizacyjne w celu ochrony danych osobowych przed utrat\u0105, niew\u0142a\u015bciwym wykorzystaniem lub nieuprawnionym dost\u0119pem.<\/p><h4>\u00a0<\/h4><h4><strong>9. Twoje prawa<\/strong><\/h4><p>Masz prawo do:<\/p><ul><li><p>Wy\u015bwietlanie danych osobowych<\/p><\/li><li><p>Popraw swoje dane<\/p><\/li><li><p>Usuni\u0119cie danych<\/p><\/li><li><p>Ograniczenie przetwarzania<\/p><\/li><li><p>Sprzeciw wobec przetwarzania<\/p><\/li><li><p>Przekazywanie danych (przenoszenie danych)<\/p><\/li><\/ul><p>Wniosek mo\u017cna z\u0142o\u017cy\u0107 za po\u015brednictwem: <a href=\"mailto:info@eurojobservices.nl\">info@eurojobservices.nl<\/a><\/p><p>Odpowiemy na Twoj\u0105 pro\u015bb\u0119 w ci\u0105gu 30 dni.<\/p><h4>\u00a0<\/h4><h4><strong>10. Skargi<\/strong><\/h4><p>Je\u015bli masz skarg\u0119 dotycz\u0105c\u0105 przetwarzania Twoich danych osobowych, skontaktuj si\u0119 z nami.<\/p><p>U\u017cytkownik ma r\u00f3wnie\u017c prawo do z\u0142o\u017cenia skargi do Urz\u0119du Ochrony Danych Osobowych pod adresem <a href=\"http:\/\/www.autoriteitpersoonsgegevens.nl\/\">www.autoriteitpersoonsgegevens.nl<\/a>.<\/p><h4>\u00a0<\/h4><h4><strong>11. Zmiany<\/strong><\/h4><p>Eurojobservices zastrzega sobie prawo do zmiany niniejszego o\u015bwiadczenia o ochronie prywatno\u015bci. Najbardziej aktualna wersja jest zawsze dost\u0119pna na stronie internetowej.<\/p><p>Ostatnia aktualizacja: marzec 2026 r.<\/p>\t\t\t\t\t\t\t\t<\/div>\n\t\t\t\t\t<\/div>\n\t\t\t\t<\/div>\n\t\t\t\t<\/div>","protected":false},"excerpt":{"rendered":"<p>Privacyverklaring Eurojobservices Eurojobservices hecht veel waarde aan de bescherming van uw persoonsgegevens. In deze privacyverklaring leggen wij uit welke gegevens wij verzamelen, waarom wij dit doen en hoe wij zorgvuldig met deze gegevens omgaan. \u00a0 1. Wie zijn wij EurojobservicesWebsite: www.eurojobservices.nlE-mail: info@eurojobservices.nlTelefoon: +31 (0)72-509 57 62 Eurojobservices is verantwoordelijk voor de verwerking van persoonsgegevens zoals [&hellip;]<\/p>\n","protected":false},"author":1,"featured_media":0,"parent":0,"menu_order":0,"comment_status":"closed","ping_status":"closed","template":"elementor_header_footer","meta":{"_acf_changed":false,"footnotes":""},"class_list":["post-970","page","type-page","status-publish","hentry"],"acf":[],"espresso_ai_page_context":{"short_desc":"","purpose":"general","set_by_espresso":false},"_links":{"self":[{"href":"https:\/\/eurojobservices.nl\/pl\/wp-json\/wp\/v2\/pages\/970","targetHints":{"allow":["GET"]}}],"collection":[{"href":"https:\/\/eurojobservices.nl\/pl\/wp-json\/wp\/v2\/pages"}],"about":[{"href":"https:\/\/eurojobservices.nl\/pl\/wp-json\/wp\/v2\/types\/page"}],"author":[{"embeddable":true,"href":"https:\/\/eurojobservices.nl\/pl\/wp-json\/wp\/v2\/users\/1"}],"replies":[{"embeddable":true,"href":"https:\/\/eurojobservices.nl\/pl\/wp-json\/wp\/v2\/comments?post=970"}],"version-history":[{"count":13,"href":"https:\/\/eurojobservices.nl\/pl\/wp-json\/wp\/v2\/pages\/970\/revisions"}],"predecessor-version":[{"id":989,"href":"https:\/\/eurojobservices.nl\/pl\/wp-json\/wp\/v2\/pages\/970\/revisions\/989"}],"wp:attachment":[{"href":"https:\/\/eurojobservices.nl\/pl\/wp-json\/wp\/v2\/media?parent=970"}],"curies":[{"name":"wp","href":"https:\/\/api.w.org\/{rel}","templated":true}]}}