{"id":965,"date":"2026-03-03T15:36:14","date_gmt":"2026-03-03T15:36:14","guid":{"rendered":"https:\/\/eurojobservices.nl\/?page_id=965"},"modified":"2026-03-03T15:42:23","modified_gmt":"2026-03-03T15:42:23","slug":"polityka-cookies","status":"publish","type":"page","link":"https:\/\/eurojobservices.nl\/pl\/cookiebeleid\/","title":{"rendered":"Polityka plik\u00f3w cookie"},"content":{"rendered":"<div data-elementor-type=\"wp-page\" data-elementor-id=\"965\" class=\"elementor elementor-965\" data-elementor-post-type=\"page\">\n\t\t\t\t<div class=\"elementor-element elementor-element-0557202 e-flex e-con-boxed e-con e-parent\" data-id=\"0557202\" data-element_type=\"container\" data-e-type=\"container\">\n\t\t\t\t\t<div class=\"e-con-inner\">\n\t\t\t\t<div class=\"elementor-element elementor-element-94f148e elementor-widget elementor-widget-heading\" data-id=\"94f148e\" data-element_type=\"widget\" data-e-type=\"widget\" data-widget_type=\"heading.default\">\n\t\t\t\t\t<h2 class=\"elementor-heading-title elementor-size-default\">Polityka plik\u00f3w cookie Eurojobservices<\/h2>\t\t\t\t<\/div>\n\t\t\t\t<div class=\"elementor-element elementor-element-ae6784c elementor-widget elementor-widget-text-editor\" data-id=\"ae6784c\" data-element_type=\"widget\" data-e-type=\"widget\" data-widget_type=\"text-editor.default\">\n\t\t\t\t\t\t\t\t\t<p>Na stronie internetowej Eurojobservices u\u017cywamy plik\u00f3w cookie. W niniejszej polityce dotycz\u0105cej plik\u00f3w cookie wyja\u015bniamy, czym s\u0105 pliki cookie, jakich plik\u00f3w cookie u\u017cywamy i jak zarz\u0105dza\u0107 ustawieniami plik\u00f3w cookie.<\/p><h4>\u00a0<\/h4><h4><strong>1. Czym s\u0105 pliki cookie?<\/strong><\/h4><p>Pliki cookie to ma\u0142e pliki tekstowe, kt\u00f3re s\u0105 przechowywane na komputerze, tablecie lub smartfonie podczas odwiedzania strony internetowej. Pliki cookie zapewniaj\u0105 prawid\u0142owe dzia\u0142anie strony internetowej i zapewniaj\u0105 wgl\u0105d w korzystanie z niej.<\/p><h4>\u00a0<\/h4><h4><strong>2. Jakich plik\u00f3w cookie u\u017cywa Eurojobservices?<\/strong><\/h4><p><strong>Funkcjonalne pliki cookie<\/strong><\/p><p>Te pliki cookie s\u0105 niezb\u0119dne do prawid\u0142owego dzia\u0142ania witryny.<\/p><p>Przyk\u0142ady:<\/p><ul><li><p>Zapami\u0119tywanie preferencji dotycz\u0105cych plik\u00f3w cookie<\/p><\/li><li><p>Prawid\u0142owe dzia\u0142anie formularzy<\/p><\/li><li><p>Bezpiecze\u0144stwo stron internetowych<\/p><\/li><\/ul><p>W przypadku tych plik\u00f3w cookie nie jest wymagana zgoda.<\/p><p><strong>Analityczne pliki cookie<\/strong><\/p><p>Analityczne pliki cookie pomagaj\u0105 nam zrozumie\u0107 spos\u00f3b korzystania z witryny, dzi\u0119ki czemu mo\u017cemy j\u0105 ulepsza\u0107.<\/p><p>Mierzymy mi\u0119dzy innymi:<\/p><ul><li><p>Liczba odwiedzaj\u0105cych<\/p><\/li><li><p>Odwiedzone strony<\/p><\/li><li><p>Czas na stronie internetowej<\/p><\/li><li><p>Zachowanie podczas klikania<\/p><\/li><\/ul><p>Je\u015bli to mo\u017cliwe, dane te b\u0119d\u0105 przetwarzane anonimowo.<\/p><p><strong>Marketingowe i \u015bledz\u0105ce pliki cookie<\/strong><\/p><p>Marketingowe pliki cookie mog\u0105 by\u0107 wykorzystywane do \u015bledzenia zachowa\u0144 odwiedzaj\u0105cych i wy\u015bwietlania odpowiednich informacji lub reklam.<\/p><p>Te pliki cookie s\u0105 ustawiane tylko po uzyskaniu zgody za po\u015brednictwem powiadomienia o plikach cookie.<\/p><h4>\u00a0<\/h4><h4><strong>3. Pliki cookie stron trzecich<\/strong><\/h4><p>Pliki cookie mog\u0105 by\u0107 umieszczane na naszej stronie internetowej przez podmioty zewn\u0119trzne, na przyk\u0142ad:<\/p><ul><li><p>Google Analytics<\/p><\/li><li><p>Osadzone tre\u015bci, takie jak filmy lub zewn\u0119trzne formularze<\/p><\/li><\/ul><p>Strony te mog\u0105 mie\u0107 w\u0142asne warunki prywatno\u015bci. Eurojobservices nie ma kontroli nad wykorzystaniem tych plik\u00f3w cookie.<\/p><h4>\u00a0<\/h4><h4><strong>4. Zarz\u0105dzanie plikami cookie lub ich usuwanie<\/strong><\/h4><p>U\u017cytkownik mo\u017ce usun\u0105\u0107 lub zablokowa\u0107 pliki cookie w dowolnym momencie za pomoc\u0105 ustawie\u0144 przegl\u0105darki internetowej.<\/p><p>Nale\u017cy pami\u0119ta\u0107, \u017ce wy\u0142\u0105czenie plik\u00f3w cookie mo\u017ce wp\u0142yn\u0105\u0107 na dzia\u0142anie witryny.<\/p><p>Wi\u0119cej informacji na temat zarz\u0105dzania plikami cookie mo\u017cna znale\u017a\u0107 w funkcji pomocy przegl\u0105darki.<\/p><h4>\u00a0<\/h4><h4><strong>5. Zgoda<\/strong><\/h4><p>Przy pierwszej wizycie na naszej stronie internetowej u\u017cytkownik zostanie poinformowany o korzystaniu z plik\u00f3w cookie za po\u015brednictwem banera plik\u00f3w cookie. Tutaj mo\u017cesz ustawi\u0107 lub dostosowa\u0107 swoje preferencje.<\/p><p>U\u017cytkownik zawsze mo\u017ce p\u00f3\u017aniej zmieni\u0107 lub wycofa\u0107 swoj\u0105 zgod\u0119.<\/p><h4>\u00a0<\/h4><h4><strong>6. Zmiany w polityce plik\u00f3w cookie<\/strong><\/h4><p>Eurojobservices zastrzega sobie prawo do zmiany niniejszej polityki plik\u00f3w cookie. Najbardziej aktualna wersja jest zawsze dost\u0119pna na tej stronie.<\/p><p>Ostatnia aktualizacja: marzec 2026 r.<\/p>\t\t\t\t\t\t\t\t<\/div>\n\t\t\t\t\t<\/div>\n\t\t\t\t<\/div>\n\t\t\t\t<\/div>","protected":false},"excerpt":{"rendered":"<p>Cookiebeleid Eurojobservices Op de website van Eurojobservices maken wij gebruik van cookies. In dit cookiebeleid leggen wij uit wat cookies zijn, welke cookies wij gebruiken en hoe u uw cookie-instellingen kunt beheren. \u00a0 1. Wat zijn cookies? Cookies zijn kleine tekstbestanden die bij het bezoeken van een website op uw computer, tablet of smartphone worden [&hellip;]<\/p>\n","protected":false},"author":1,"featured_media":0,"parent":0,"menu_order":0,"comment_status":"closed","ping_status":"closed","template":"elementor_header_footer","meta":{"_acf_changed":false,"footnotes":""},"class_list":["post-965","page","type-page","status-publish","hentry"],"acf":[],"espresso_ai_page_context":{"short_desc":"","purpose":"general","set_by_espresso":false},"_links":{"self":[{"href":"https:\/\/eurojobservices.nl\/pl\/wp-json\/wp\/v2\/pages\/965","targetHints":{"allow":["GET"]}}],"collection":[{"href":"https:\/\/eurojobservices.nl\/pl\/wp-json\/wp\/v2\/pages"}],"about":[{"href":"https:\/\/eurojobservices.nl\/pl\/wp-json\/wp\/v2\/types\/page"}],"author":[{"embeddable":true,"href":"https:\/\/eurojobservices.nl\/pl\/wp-json\/wp\/v2\/users\/1"}],"replies":[{"embeddable":true,"href":"https:\/\/eurojobservices.nl\/pl\/wp-json\/wp\/v2\/comments?post=965"}],"version-history":[{"count":4,"href":"https:\/\/eurojobservices.nl\/pl\/wp-json\/wp\/v2\/pages\/965\/revisions"}],"predecessor-version":[{"id":969,"href":"https:\/\/eurojobservices.nl\/pl\/wp-json\/wp\/v2\/pages\/965\/revisions\/969"}],"wp:attachment":[{"href":"https:\/\/eurojobservices.nl\/pl\/wp-json\/wp\/v2\/media?parent=965"}],"curies":[{"name":"wp","href":"https:\/\/api.w.org\/{rel}","templated":true}]}}